{"id":4639,"date":"2023-08-03T14:36:45","date_gmt":"2023-08-03T12:36:45","guid":{"rendered":"https:\/\/flexbox.ch\/page\/?page_id=4639"},"modified":"2023-11-01T12:07:07","modified_gmt":"2023-11-01T11:07:07","slug":"camionnette-location-box-de-stockage","status":"publish","type":"page","link":"https:\/\/flexbox.ch\/page\/camionnette-location-box-de-stockage\/","title":{"rendered":"Camionnette : location box de stockage"},"content":{"rendered":"\t\t<div data-elementor-type=\"wp-page\" data-elementor-id=\"4639\" class=\"elementor elementor-4639\" data-elementor-post-type=\"page\">\n\t\t\t\t\t\t<section class=\"elementor-section elementor-top-section elementor-element elementor-element-0c18c6f elementor-section-full_width elementor-section-height-default elementor-section-height-default\" data-id=\"0c18c6f\" data-element_type=\"section\" data-settings=\"{&quot;background_background&quot;:&quot;classic&quot;,&quot;shape_divider_bottom&quot;:&quot;triangle&quot;}\">\n\t\t\t\t\t\t\t<div class=\"elementor-background-overlay\"><\/div>\n\t\t\t\t\t\t<div class=\"elementor-shape elementor-shape-bottom\" aria-hidden=\"true\" data-negative=\"false\">\n\t\t\t<svg xmlns=\"http:\/\/www.w3.org\/2000\/svg\" viewBox=\"0 0 1000 100\" preserveAspectRatio=\"none\">\n\t<path class=\"elementor-shape-fill\" d=\"M500,98.9L0,6.1V0h1000v6.1L500,98.9z\"\/>\n<\/svg>\t\t<\/div>\n\t\t\t\t\t<div class=\"elementor-container elementor-column-gap-no\">\n\t\t\t\t\t<div class=\"elementor-column elementor-col-100 elementor-top-column elementor-element elementor-element-1401613\" data-id=\"1401613\" data-element_type=\"column\">\n\t\t\t<div class=\"elementor-widget-wrap elementor-element-populated\">\n\t\t\t\t\t\t<div class=\"elementor-element elementor-element-271ddc5 elementor-widget elementor-widget-spacer\" data-id=\"271ddc5\" data-element_type=\"widget\" data-widget_type=\"spacer.default\">\n\t\t\t\t<div class=\"elementor-widget-container\">\n\t\t\t\t\t\t\t<div class=\"elementor-spacer\">\n\t\t\t<div class=\"elementor-spacer-inner\"><\/div>\n\t\t<\/div>\n\t\t\t\t\t\t<\/div>\n\t\t\t\t<\/div>\n\t\t\t\t<div class=\"elementor-element elementor-element-5a47717 elementor-widget elementor-widget-heading\" data-id=\"5a47717\" data-element_type=\"widget\" data-widget_type=\"heading.default\">\n\t\t\t\t<div class=\"elementor-widget-container\">\n\t\t\t\t\t<h1 class=\"elementor-heading-title elementor-size-default\">Location de camionnette - Box stockage<\/h1>\t\t\t\t<\/div>\n\t\t\t\t<\/div>\n\t\t\t\t<div class=\"elementor-element elementor-element-8a257c4 elementor-widget elementor-widget-text-editor\" data-id=\"8a257c4\" data-element_type=\"widget\" data-widget_type=\"text-editor.default\">\n\t\t\t\t<div class=\"elementor-widget-container\">\n\t\t\t\t\t\t\t\t\t<p>La location de camionnette avec Flexbox pour faciliter votre d\u00e9m\u00e9nagement ou votre stockage<\/p>\t\t\t\t\t\t\t\t<\/div>\n\t\t\t\t<\/div>\n\t\t\t\t<div class=\"elementor-element elementor-element-7685351 elementor-align-center btnreservationenligne elementor-widget elementor-widget-button\" data-id=\"7685351\" data-element_type=\"widget\" data-widget_type=\"button.default\">\n\t\t\t\t<div class=\"elementor-widget-container\">\n\t\t\t\t\t\t\t\t\t<div class=\"elementor-button-wrapper\">\n\t\t\t\t\t<a class=\"elementor-button elementor-button-link elementor-size-sm\" href=\"\/\">\n\t\t\t\t\t\t<span class=\"elementor-button-content-wrapper\">\n\t\t\t\t\t\t<span class=\"elementor-button-icon\">\n\t\t\t\t<i aria-hidden=\"true\" class=\"fas fa-mouse-pointer\"><\/i>\t\t\t<\/span>\n\t\t\t\t\t\t\t\t\t<span class=\"elementor-button-text\">Tarif \/ r\u00e9servation \/ Devis<\/span>\n\t\t\t\t\t<\/span>\n\t\t\t\t\t<\/a>\n\t\t\t\t<\/div>\n\t\t\t\t\t\t\t\t<\/div>\n\t\t\t\t<\/div>\n\t\t\t\t\t<\/div>\n\t\t<\/div>\n\t\t\t\t\t<\/div>\n\t\t<\/section>\n\t\t\t\t<section class=\"elementor-section elementor-top-section elementor-element elementor-element-239dcbc2 elementor-section-content-middle elementor-reverse-tablet elementor-section-boxed elementor-section-height-default elementor-section-height-default\" data-id=\"239dcbc2\" data-element_type=\"section\" data-settings=\"{&quot;background_background&quot;:&quot;classic&quot;}\">\n\t\t\t\t\t\t<div class=\"elementor-container elementor-column-gap-default\">\n\t\t\t\t\t<div class=\"elementor-column elementor-col-50 elementor-top-column elementor-element elementor-element-16ba5047\" data-id=\"16ba5047\" data-element_type=\"column\" data-settings=\"{&quot;background_background&quot;:&quot;classic&quot;}\">\n\t\t\t<div class=\"elementor-widget-wrap elementor-element-populated\">\n\t\t\t\t\t<div class=\"elementor-background-overlay\"><\/div>\n\t\t\t\t\t\t<section class=\"elementor-section elementor-inner-section elementor-element elementor-element-9efadb6 elementor-section-boxed elementor-section-height-default elementor-section-height-default\" data-id=\"9efadb6\" data-element_type=\"section\">\n\t\t\t\t\t\t<div class=\"elementor-container elementor-column-gap-default\">\n\t\t\t\t\t<div class=\"elementor-column elementor-col-50 elementor-inner-column elementor-element elementor-element-74d9dcf0\" data-id=\"74d9dcf0\" data-element_type=\"column\">\n\t\t\t<div class=\"elementor-widget-wrap elementor-element-populated\">\n\t\t\t\t\t\t<div class=\"elementor-element elementor-element-6884a4f4 elementor-widget elementor-widget-image\" data-id=\"6884a4f4\" data-element_type=\"widget\" data-widget_type=\"image.default\">\n\t\t\t\t<div class=\"elementor-widget-container\">\n\t\t\t\t\t\t\t\t\t\t\t\t\t\t\t<img fetchpriority=\"high\" decoding=\"async\" width=\"700\" height=\"322\" src=\"https:\/\/flexbox.ch\/page\/wp-content\/uploads\/2023\/08\/camion-demenagement-flexbox.jpg\" class=\"elementor-animation-bob attachment-medium_large size-medium_large wp-image-4785\" alt=\"\" srcset=\"https:\/\/flexbox.ch\/page\/wp-content\/uploads\/2023\/08\/camion-demenagement-flexbox.jpg 700w, https:\/\/flexbox.ch\/page\/wp-content\/uploads\/2023\/08\/camion-demenagement-flexbox-300x138.jpg 300w\" sizes=\"(max-width: 700px) 100vw, 700px\" \/>\t\t\t\t\t\t\t\t\t\t\t\t\t\t\t<\/div>\n\t\t\t\t<\/div>\n\t\t\t\t\t<\/div>\n\t\t<\/div>\n\t\t\t\t<div class=\"elementor-column elementor-col-50 elementor-inner-column elementor-element elementor-element-42e69a21\" data-id=\"42e69a21\" data-element_type=\"column\">\n\t\t\t<div class=\"elementor-widget-wrap elementor-element-populated\">\n\t\t\t\t\t\t<div class=\"elementor-element elementor-element-38f4381b elementor-widget elementor-widget-image\" data-id=\"38f4381b\" data-element_type=\"widget\" data-widget_type=\"image.default\">\n\t\t\t\t<div class=\"elementor-widget-container\">\n\t\t\t\t\t\t\t\t\t\t\t\t\t\t\t<img decoding=\"async\" width=\"768\" height=\"512\" src=\"https:\/\/flexbox.ch\/page\/wp-content\/uploads\/2021\/12\/garde-meuble-demenagement-geneve-scaled-768x512.jpg\" class=\"elementor-animation-bob attachment-medium_large size-medium_large wp-image-298\" alt=\"Garde-meuble d\u00e9m\u00e9nagement \u00e0 gen\u00e8ve\" srcset=\"https:\/\/flexbox.ch\/page\/wp-content\/uploads\/2021\/12\/garde-meuble-demenagement-geneve-scaled-768x512.jpg 768w, https:\/\/flexbox.ch\/page\/wp-content\/uploads\/2021\/12\/garde-meuble-demenagement-geneve-scaled-300x200.jpg 300w, https:\/\/flexbox.ch\/page\/wp-content\/uploads\/2021\/12\/garde-meuble-demenagement-geneve-scaled-1024x683.jpg 1024w, https:\/\/flexbox.ch\/page\/wp-content\/uploads\/2021\/12\/garde-meuble-demenagement-geneve-scaled-1536x1024.jpg 1536w, https:\/\/flexbox.ch\/page\/wp-content\/uploads\/2021\/12\/garde-meuble-demenagement-geneve-scaled.jpg 1920w\" sizes=\"(max-width: 768px) 100vw, 768px\" \/>\t\t\t\t\t\t\t\t\t\t\t\t\t\t\t<\/div>\n\t\t\t\t<\/div>\n\t\t\t\t<div class=\"elementor-element elementor-element-bf69d4f elementor-widget-divider--view-line elementor-widget elementor-widget-divider\" data-id=\"bf69d4f\" data-element_type=\"widget\" data-widget_type=\"divider.default\">\n\t\t\t\t<div class=\"elementor-widget-container\">\n\t\t\t\t\t\t\t<div class=\"elementor-divider\">\n\t\t\t<span class=\"elementor-divider-separator\">\n\t\t\t\t\t\t<\/span>\n\t\t<\/div>\n\t\t\t\t\t\t<\/div>\n\t\t\t\t<\/div>\n\t\t\t\t<div class=\"elementor-element elementor-element-4abd46e5 elementor-widget elementor-widget-image\" data-id=\"4abd46e5\" data-element_type=\"widget\" data-widget_type=\"image.default\">\n\t\t\t\t<div class=\"elementor-widget-container\">\n\t\t\t\t\t\t\t\t\t\t\t\t\t\t\t<img decoding=\"async\" width=\"445\" height=\"250\" src=\"https:\/\/flexbox.ch\/page\/wp-content\/uploads\/2022\/05\/1584705030-1584634219-camion-flexbox.jpg\" class=\"elementor-animation-bob attachment-medium_large size-medium_large wp-image-2713\" alt=\"\" srcset=\"https:\/\/flexbox.ch\/page\/wp-content\/uploads\/2022\/05\/1584705030-1584634219-camion-flexbox.jpg 445w, https:\/\/flexbox.ch\/page\/wp-content\/uploads\/2022\/05\/1584705030-1584634219-camion-flexbox-300x169.jpg 300w\" sizes=\"(max-width: 445px) 100vw, 445px\" \/>\t\t\t\t\t\t\t\t\t\t\t\t\t\t\t<\/div>\n\t\t\t\t<\/div>\n\t\t\t\t\t<\/div>\n\t\t<\/div>\n\t\t\t\t\t<\/div>\n\t\t<\/section>\n\t\t\t\t\t<\/div>\n\t\t<\/div>\n\t\t\t\t<div class=\"elementor-column elementor-col-50 elementor-top-column elementor-element elementor-element-5c73ec45\" data-id=\"5c73ec45\" data-element_type=\"column\">\n\t\t\t<div class=\"elementor-widget-wrap elementor-element-populated\">\n\t\t\t\t\t\t<div class=\"elementor-element elementor-element-70716b12 elementor-widget elementor-widget-heading\" data-id=\"70716b12\" data-element_type=\"widget\" data-widget_type=\"heading.default\">\n\t\t\t\t<div class=\"elementor-widget-container\">\n\t\t\t\t\t<h2 class=\"elementor-heading-title elementor-size-default\">Flexbox est votre solution compl\u00e8te pour le d\u00e9m\u00e9nagement et le stockage.<\/h2>\t\t\t\t<\/div>\n\t\t\t\t<\/div>\n\t\t\t\t<div class=\"elementor-element elementor-element-ea08a5a elementor-widget-divider--view-line elementor-widget elementor-widget-divider\" data-id=\"ea08a5a\" data-element_type=\"widget\" data-widget_type=\"divider.default\">\n\t\t\t\t<div class=\"elementor-widget-container\">\n\t\t\t\t\t\t\t<div class=\"elementor-divider\">\n\t\t\t<span class=\"elementor-divider-separator\">\n\t\t\t\t\t\t<\/span>\n\t\t<\/div>\n\t\t\t\t\t\t<\/div>\n\t\t\t\t<\/div>\n\t\t\t\t<div class=\"elementor-element elementor-element-743dcee0 elementor-widget elementor-widget-text-editor\" data-id=\"743dcee0\" data-element_type=\"widget\" data-widget_type=\"text-editor.default\">\n\t\t\t\t<div class=\"elementor-widget-container\">\n\t\t\t\t\t\t\t\t\t<p>Avec nos solutions de stockage flexibles et s\u00e9curis\u00e9es, nos fournitures d&#8217;emballage et nos \u00e9quipements de manutention, nous mettons tout en \u0153uvre pour faciliter votre exp\u00e9rience de stockage.<\/p><p><b>Pour aller encore plus loin, nous avons mis en place un partenariat avec une entreprise locale pour vous proposer un service de location de camionnette.<\/b><\/p><p><b>\u00a0<\/b><\/p>\t\t\t\t\t\t\t\t<\/div>\n\t\t\t\t<\/div>\n\t\t\t\t\t<\/div>\n\t\t<\/div>\n\t\t\t\t\t<\/div>\n\t\t<\/section>\n\t\t\t\t<section class=\"elementor-section elementor-top-section elementor-element elementor-element-3b726f4a elementor-section-content-middle elementor-section-boxed elementor-section-height-default elementor-section-height-default\" data-id=\"3b726f4a\" data-element_type=\"section\" data-settings=\"{&quot;background_background&quot;:&quot;classic&quot;,&quot;shape_divider_top&quot;:&quot;triangle&quot;,&quot;shape_divider_bottom&quot;:&quot;triangle&quot;}\">\n\t\t\t\t\t\t\t<div class=\"elementor-background-overlay\"><\/div>\n\t\t\t\t\t\t<div class=\"elementor-shape elementor-shape-top\" aria-hidden=\"true\" data-negative=\"false\">\n\t\t\t<svg xmlns=\"http:\/\/www.w3.org\/2000\/svg\" viewBox=\"0 0 1000 100\" preserveAspectRatio=\"none\">\n\t<path class=\"elementor-shape-fill\" d=\"M500,98.9L0,6.1V0h1000v6.1L500,98.9z\"\/>\n<\/svg>\t\t<\/div>\n\t\t\t\t<div class=\"elementor-shape elementor-shape-bottom\" aria-hidden=\"true\" data-negative=\"false\">\n\t\t\t<svg xmlns=\"http:\/\/www.w3.org\/2000\/svg\" viewBox=\"0 0 1000 100\" preserveAspectRatio=\"none\">\n\t<path class=\"elementor-shape-fill\" d=\"M500,98.9L0,6.1V0h1000v6.1L500,98.9z\"\/>\n<\/svg>\t\t<\/div>\n\t\t\t\t\t<div class=\"elementor-container elementor-column-gap-no\">\n\t\t\t\t\t<div class=\"elementor-column elementor-col-100 elementor-top-column elementor-element elementor-element-406febbc\" data-id=\"406febbc\" data-element_type=\"column\">\n\t\t\t<div class=\"elementor-widget-wrap elementor-element-populated\">\n\t\t\t\t\t\t<div class=\"elementor-element elementor-element-1361ee7d elementor-widget elementor-widget-heading\" data-id=\"1361ee7d\" data-element_type=\"widget\" data-widget_type=\"heading.default\">\n\t\t\t\t<div class=\"elementor-widget-container\">\n\t\t\t\t\t<h3 class=\"elementor-heading-title elementor-size-default\">Camionnette - Stockage d\u00e9m\u00e9nagement<\/h3>\t\t\t\t<\/div>\n\t\t\t\t<\/div>\n\t\t\t\t<div class=\"elementor-element elementor-element-670784b elementor-align-center btnreservationenligne elementor-widget elementor-widget-button\" data-id=\"670784b\" data-element_type=\"widget\" data-widget_type=\"button.default\">\n\t\t\t\t<div class=\"elementor-widget-container\">\n\t\t\t\t\t\t\t\t\t<div class=\"elementor-button-wrapper\">\n\t\t\t\t\t<a class=\"elementor-button elementor-button-link elementor-size-sm\" href=\"\/\">\n\t\t\t\t\t\t<span class=\"elementor-button-content-wrapper\">\n\t\t\t\t\t\t\t\t\t<span class=\"elementor-button-text\">Tarif \/ r\u00e9servation \/ Devis<\/span>\n\t\t\t\t\t<\/span>\n\t\t\t\t\t<\/a>\n\t\t\t\t<\/div>\n\t\t\t\t\t\t\t\t<\/div>\n\t\t\t\t<\/div>\n\t\t\t\t\t<\/div>\n\t\t<\/div>\n\t\t\t\t\t<\/div>\n\t\t<\/section>\n\t\t\t\t<section class=\"elementor-section elementor-top-section elementor-element elementor-element-d25ff26 elementor-section-content-top elementor-reverse-tablet elementor-section-boxed elementor-section-height-default elementor-section-height-default\" data-id=\"d25ff26\" data-element_type=\"section\" data-settings=\"{&quot;background_background&quot;:&quot;classic&quot;}\">\n\t\t\t\t\t\t<div class=\"elementor-container elementor-column-gap-default\">\n\t\t\t\t\t<div class=\"elementor-column elementor-col-50 elementor-top-column elementor-element elementor-element-9a6dbb3\" data-id=\"9a6dbb3\" data-element_type=\"column\">\n\t\t\t<div class=\"elementor-widget-wrap elementor-element-populated\">\n\t\t\t\t\t\t<div class=\"elementor-element elementor-element-b176edf elementor-widget elementor-widget-heading\" data-id=\"b176edf\" data-element_type=\"widget\" data-widget_type=\"heading.default\">\n\t\t\t\t<div class=\"elementor-widget-container\">\n\t\t\t\t\t<h2 class=\"elementor-heading-title elementor-size-default\">Des camionnettes de qualit\u00e9 pour r\u00e9pondre \u00e0 vos besoins<\/h2>\t\t\t\t<\/div>\n\t\t\t\t<\/div>\n\t\t\t\t<div class=\"elementor-element elementor-element-f93641a elementor-widget-divider--view-line elementor-widget elementor-widget-divider\" data-id=\"f93641a\" data-element_type=\"widget\" data-widget_type=\"divider.default\">\n\t\t\t\t<div class=\"elementor-widget-container\">\n\t\t\t\t\t\t\t<div class=\"elementor-divider\">\n\t\t\t<span class=\"elementor-divider-separator\">\n\t\t\t\t\t\t<\/span>\n\t\t<\/div>\n\t\t\t\t\t\t<\/div>\n\t\t\t\t<\/div>\n\t\t\t\t<div class=\"elementor-element elementor-element-446c501 elementor-widget elementor-widget-text-editor\" data-id=\"446c501\" data-element_type=\"widget\" data-widget_type=\"text-editor.default\">\n\t\t\t\t<div class=\"elementor-widget-container\">\n\t\t\t\t\t\t\t\t\t<p>Les camionnettes de nos partenaires sont de qualit\u00e9, r\u00e9guli\u00e8rement entretenues et parfaitement adapt\u00e9es pour votre d\u00e9m\u00e9nagement ou votre stockage.<\/p><p>Nous mettons \u00e0 votre disposition des camionnettes de diff\u00e9rentes tailles pour r\u00e9pondre \u00e0 vos besoins.<\/p><p>Que vous ayez besoin de stocker quelques meubles ou de d\u00e9m\u00e9nager un appartement entier, nous avons ce qu&rsquo;il vous faut.<\/p><h3>Des tarifs abordables<\/h3><p>Flexbox est convaincue que la location d&rsquo;une camionnette doit \u00eatre accessible \u00e0 tous.<\/p><p>C&rsquo;est pourquoi nous travaillons avec une entreprise locale de location de camionnettes et nous vous proposons des tarifs comp\u00e9titifs, \u00e0 partir de 50.-\/la demi journ\u00e9e et 100.-\/ la journ\u00e9e.<\/p><p>Nous faisons le maximum pour vous offrir un excellent rapport qualit\u00e9-prix pour votre location de camionnette.<\/p><h3>Une r\u00e9servation facile<\/h3><p>La r\u00e9servation d&rsquo;une camionnette Flexbox est simple et rapide.<\/p><p>B\u00e9n\u00e9ficiez d&rsquo;un syst\u00e8me de r\u00e9servation par t\u00e9l\u00e9phone ou email pour louer votre camionnette et pour avoir toutes les informations dont vous avez besoin avant votre d\u00e9m\u00e9nagement ou votre stockage. Munissez-vous simplement de votre permis de conduire!\u00a0<\/p>\t\t\t\t\t\t\t\t<\/div>\n\t\t\t\t<\/div>\n\t\t\t\t\t<\/div>\n\t\t<\/div>\n\t\t\t\t<div class=\"elementor-column elementor-col-50 elementor-top-column elementor-element elementor-element-c6a2470\" data-id=\"c6a2470\" data-element_type=\"column\" data-settings=\"{&quot;background_background&quot;:&quot;classic&quot;}\">\n\t\t\t<div class=\"elementor-widget-wrap elementor-element-populated\">\n\t\t\t\t\t<div class=\"elementor-background-overlay\"><\/div>\n\t\t\t\t\t\t<section class=\"elementor-section elementor-inner-section elementor-element elementor-element-72375f9 elementor-section-boxed elementor-section-height-default elementor-section-height-default\" data-id=\"72375f9\" data-element_type=\"section\" data-settings=\"{&quot;background_background&quot;:&quot;classic&quot;}\">\n\t\t\t\t\t\t<div class=\"elementor-container elementor-column-gap-default\">\n\t\t\t\t\t<div class=\"elementor-column elementor-col-50 elementor-inner-column elementor-element elementor-element-03c41a6\" data-id=\"03c41a6\" data-element_type=\"column\">\n\t\t\t<div class=\"elementor-widget-wrap elementor-element-populated\">\n\t\t\t\t\t\t<div class=\"elementor-element elementor-element-e54d632 elementor-view-default elementor-widget elementor-widget-icon\" data-id=\"e54d632\" data-element_type=\"widget\" data-widget_type=\"icon.default\">\n\t\t\t\t<div class=\"elementor-widget-container\">\n\t\t\t\t\t\t\t<div class=\"elementor-icon-wrapper\">\n\t\t\t<div class=\"elementor-icon\">\n\t\t\t<i aria-hidden=\"true\" class=\"far fa-hand-point-right\"><\/i>\t\t\t<\/div>\n\t\t<\/div>\n\t\t\t\t\t\t<\/div>\n\t\t\t\t<\/div>\n\t\t\t\t\t<\/div>\n\t\t<\/div>\n\t\t\t\t<div class=\"elementor-column elementor-col-50 elementor-inner-column elementor-element elementor-element-45eef94\" data-id=\"45eef94\" data-element_type=\"column\">\n\t\t\t<div class=\"elementor-widget-wrap elementor-element-populated\">\n\t\t\t\t\t\t<div class=\"elementor-element elementor-element-68b1f39 elementor-widget elementor-widget-heading\" data-id=\"68b1f39\" data-element_type=\"widget\" data-widget_type=\"heading.default\">\n\t\t\t\t<div class=\"elementor-widget-container\">\n\t\t\t\t\t<h3 class=\"elementor-heading-title elementor-size-default\">Conclusion<\/h3>\t\t\t\t<\/div>\n\t\t\t\t<\/div>\n\t\t\t\t<div class=\"elementor-element elementor-element-2febf00 elementor-widget elementor-widget-text-editor\" data-id=\"2febf00\" data-element_type=\"widget\" data-widget_type=\"text-editor.default\">\n\t\t\t\t<div class=\"elementor-widget-container\">\n\t\t\t\t\t\t\t\t\t<p>Flexbox s&rsquo;efforce de vous offrir une exp\u00e9rience de stockage et de d\u00e9m\u00e9nagement compl\u00e8te.<br \/><br \/>En partenariat avec une entreprise locale de location de camionnette, nous mettons \u00e0 disposition de nos clients des camionnettes de qualit\u00e9 pour r\u00e9pondre \u00e0 leurs besoins.<br \/><br \/>Avec un processus de r\u00e9servation facile et des tarifs abordables, nous avons tout ce qu&rsquo;il faut pour faciliter votre d\u00e9m\u00e9nagement ou le transport des biens que vous souhaitez entreposer dans un box de stockage.<\/p>\t\t\t\t\t\t\t\t<\/div>\n\t\t\t\t<\/div>\n\t\t\t\t\t<\/div>\n\t\t<\/div>\n\t\t\t\t\t<\/div>\n\t\t<\/section>\n\t\t\t\t<section class=\"elementor-section elementor-inner-section elementor-element elementor-element-ede6c34 elementor-section-boxed elementor-section-height-default elementor-section-height-default\" data-id=\"ede6c34\" data-element_type=\"section\">\n\t\t\t\t\t\t<div class=\"elementor-container elementor-column-gap-default\">\n\t\t\t\t\t<div class=\"elementor-column elementor-col-50 elementor-inner-column elementor-element elementor-element-37881b8\" data-id=\"37881b8\" data-element_type=\"column\" data-settings=\"{&quot;motion_fx_motion_fx_scrolling&quot;:&quot;yes&quot;,&quot;motion_fx_translateY_effect&quot;:&quot;yes&quot;,&quot;motion_fx_translateY_direction&quot;:&quot;negative&quot;,&quot;motion_fx_translateY_speed&quot;:{&quot;unit&quot;:&quot;px&quot;,&quot;size&quot;:8.1,&quot;sizes&quot;:[]},&quot;motion_fx_translateY_affectedRange&quot;:{&quot;unit&quot;:&quot;%&quot;,&quot;size&quot;:&quot;&quot;,&quot;sizes&quot;:{&quot;start&quot;:53,&quot;end&quot;:100}},&quot;motion_fx_devices&quot;:[&quot;desktop&quot;,&quot;tablet&quot;,&quot;mobile&quot;]}\">\n\t\t\t<div class=\"elementor-widget-wrap elementor-element-populated\">\n\t\t\t\t\t\t<div class=\"elementor-element elementor-element-ed85c86 elementor-widget elementor-widget-image\" data-id=\"ed85c86\" data-element_type=\"widget\" data-widget_type=\"image.default\">\n\t\t\t\t<div class=\"elementor-widget-container\">\n\t\t\t\t\t\t\t\t\t\t\t\t\t\t\t<img loading=\"lazy\" decoding=\"async\" width=\"768\" height=\"1048\" src=\"https:\/\/flexbox.ch\/page\/wp-content\/uploads\/2021\/12\/box-demenagement-geneve-1-768x1048.jpg\" class=\"elementor-animation-bob attachment-medium_large size-medium_large wp-image-303\" alt=\"Box de d\u00e9m\u00e9nagement \u00e0 Gen\u00e8ve\" srcset=\"https:\/\/flexbox.ch\/page\/wp-content\/uploads\/2021\/12\/box-demenagement-geneve-1-768x1048.jpg 768w, https:\/\/flexbox.ch\/page\/wp-content\/uploads\/2021\/12\/box-demenagement-geneve-1-220x300.jpg 220w, https:\/\/flexbox.ch\/page\/wp-content\/uploads\/2021\/12\/box-demenagement-geneve-1-751x1024.jpg 751w, https:\/\/flexbox.ch\/page\/wp-content\/uploads\/2021\/12\/box-demenagement-geneve-1-1126x1536.jpg 1126w, https:\/\/flexbox.ch\/page\/wp-content\/uploads\/2021\/12\/box-demenagement-geneve-1.jpg 1466w\" sizes=\"(max-width: 768px) 100vw, 768px\" \/>\t\t\t\t\t\t\t\t\t\t\t\t\t\t\t<\/div>\n\t\t\t\t<\/div>\n\t\t\t\t\t<\/div>\n\t\t<\/div>\n\t\t\t\t<div class=\"elementor-column elementor-col-50 elementor-inner-column elementor-element elementor-element-58e71f0\" data-id=\"58e71f0\" data-element_type=\"column\" data-settings=\"{&quot;motion_fx_motion_fx_scrolling&quot;:&quot;yes&quot;,&quot;motion_fx_translateY_effect&quot;:&quot;yes&quot;,&quot;motion_fx_translateY_direction&quot;:&quot;negative&quot;,&quot;motion_fx_translateY_speed&quot;:{&quot;unit&quot;:&quot;px&quot;,&quot;size&quot;:7.1,&quot;sizes&quot;:[]},&quot;motion_fx_translateY_affectedRange&quot;:{&quot;unit&quot;:&quot;%&quot;,&quot;size&quot;:&quot;&quot;,&quot;sizes&quot;:{&quot;start&quot;:50,&quot;end&quot;:100}},&quot;motion_fx_devices&quot;:[&quot;desktop&quot;,&quot;tablet&quot;,&quot;mobile&quot;]}\">\n\t\t\t<div class=\"elementor-widget-wrap elementor-element-populated\">\n\t\t\t\t\t\t<div class=\"elementor-element elementor-element-2cd3c13 elementor-widget elementor-widget-image\" data-id=\"2cd3c13\" data-element_type=\"widget\" data-widget_type=\"image.default\">\n\t\t\t\t<div class=\"elementor-widget-container\">\n\t\t\t\t\t\t\t\t\t\t\t\t\t\t\t<img loading=\"lazy\" decoding=\"async\" width=\"768\" height=\"576\" src=\"https:\/\/flexbox.ch\/page\/wp-content\/uploads\/2022\/05\/telecharger-1-2-768x576.jpg\" class=\"elementor-animation-bob attachment-medium_large size-medium_large wp-image-2503\" alt=\"\" srcset=\"https:\/\/flexbox.ch\/page\/wp-content\/uploads\/2022\/05\/telecharger-1-2-768x576.jpg 768w, https:\/\/flexbox.ch\/page\/wp-content\/uploads\/2022\/05\/telecharger-1-2-300x225.jpg 300w, https:\/\/flexbox.ch\/page\/wp-content\/uploads\/2022\/05\/telecharger-1-2.jpg 1024w\" sizes=\"(max-width: 768px) 100vw, 768px\" \/>\t\t\t\t\t\t\t\t\t\t\t\t\t\t\t<\/div>\n\t\t\t\t<\/div>\n\t\t\t\t<div class=\"elementor-element elementor-element-1bceb8d elementor-widget-divider--view-line elementor-widget elementor-widget-divider\" data-id=\"1bceb8d\" data-element_type=\"widget\" data-widget_type=\"divider.default\">\n\t\t\t\t<div class=\"elementor-widget-container\">\n\t\t\t\t\t\t\t<div class=\"elementor-divider\">\n\t\t\t<span class=\"elementor-divider-separator\">\n\t\t\t\t\t\t<\/span>\n\t\t<\/div>\n\t\t\t\t\t\t<\/div>\n\t\t\t\t<\/div>\n\t\t\t\t<div class=\"elementor-element elementor-element-11123c4 elementor-widget elementor-widget-image\" data-id=\"11123c4\" data-element_type=\"widget\" data-widget_type=\"image.default\">\n\t\t\t\t<div class=\"elementor-widget-container\">\n\t\t\t\t\t\t\t\t\t\t\t\t\t\t\t<img loading=\"lazy\" decoding=\"async\" width=\"330\" height=\"213\" src=\"https:\/\/flexbox.ch\/page\/wp-content\/uploads\/2023\/02\/garde-meubles-flexbox-vernier-meyrin.jpg\" class=\"elementor-animation-bob attachment-medium_large size-medium_large wp-image-3794\" alt=\"garde meubles flexbox vernier meyrin\" srcset=\"https:\/\/flexbox.ch\/page\/wp-content\/uploads\/2023\/02\/garde-meubles-flexbox-vernier-meyrin.jpg 330w, https:\/\/flexbox.ch\/page\/wp-content\/uploads\/2023\/02\/garde-meubles-flexbox-vernier-meyrin-300x194.jpg 300w\" sizes=\"(max-width: 330px) 100vw, 330px\" \/>\t\t\t\t\t\t\t\t\t\t\t\t\t\t\t<\/div>\n\t\t\t\t<\/div>\n\t\t\t\t\t<\/div>\n\t\t<\/div>\n\t\t\t\t\t<\/div>\n\t\t<\/section>\n\t\t\t\t\t<\/div>\n\t\t<\/div>\n\t\t\t\t\t<\/div>\n\t\t<\/section>\n\t\t\t\t<\/div>\n\t\t","protected":false},"excerpt":{"rendered":"<p>Location de camionnette &#8211; Box stockage La location de camionnette avec Flexbox pour faciliter votre d\u00e9m\u00e9nagement ou votre stockage Tarif \/ r\u00e9servation \/ Devis Flexbox est votre solution compl\u00e8te pour le d\u00e9m\u00e9nagement et le stockage. Avec nos solutions de stockage flexibles et s\u00e9curis\u00e9es, nos fournitures d&#8217;emballage et nos \u00e9quipements de manutention, nous mettons tout en [&hellip;]<\/p>\n","protected":false},"author":6,"featured_media":0,"parent":0,"menu_order":0,"comment_status":"closed","ping_status":"closed","template":"","meta":{"footnotes":""},"class_list":["post-4639","page","type-page","status-publish","hentry"],"aioseo_notices":[],"_links":{"self":[{"href":"https:\/\/flexbox.ch\/page\/wp-json\/wp\/v2\/pages\/4639","targetHints":{"allow":["GET"]}}],"collection":[{"href":"https:\/\/flexbox.ch\/page\/wp-json\/wp\/v2\/pages"}],"about":[{"href":"https:\/\/flexbox.ch\/page\/wp-json\/wp\/v2\/types\/page"}],"author":[{"embeddable":true,"href":"https:\/\/flexbox.ch\/page\/wp-json\/wp\/v2\/users\/6"}],"replies":[{"embeddable":true,"href":"https:\/\/flexbox.ch\/page\/wp-json\/wp\/v2\/comments?post=4639"}],"version-history":[{"count":30,"href":"https:\/\/flexbox.ch\/page\/wp-json\/wp\/v2\/pages\/4639\/revisions"}],"predecessor-version":[{"id":5075,"href":"https:\/\/flexbox.ch\/page\/wp-json\/wp\/v2\/pages\/4639\/revisions\/5075"}],"wp:attachment":[{"href":"https:\/\/flexbox.ch\/page\/wp-json\/wp\/v2\/media?parent=4639"}],"curies":[{"name":"wp","href":"https:\/\/api.w.org\/{rel}","templated":true}]}}