{"id":4499,"date":"2023-05-25T13:24:16","date_gmt":"2023-05-25T11:24:16","guid":{"rendered":"https:\/\/flexbox.ch\/page\/?page_id=4499"},"modified":"2023-11-01T12:07:21","modified_gmt":"2023-11-01T11:07:21","slug":"demenagement-decouvrez-les-avantages-dun-garde-meubles","status":"publish","type":"page","link":"https:\/\/flexbox.ch\/page\/demenagement-decouvrez-les-avantages-dun-garde-meubles\/","title":{"rendered":"D\u00e9m\u00e9nagement : d\u00e9couvrez les avantages d&rsquo;un garde-meubles"},"content":{"rendered":"\t\t<div data-elementor-type=\"wp-page\" data-elementor-id=\"4499\" class=\"elementor elementor-4499\" data-elementor-post-type=\"page\">\n\t\t\t\t\t\t<section class=\"elementor-section elementor-top-section elementor-element elementor-element-0c18c6f elementor-section-full_width elementor-section-height-default elementor-section-height-default\" data-id=\"0c18c6f\" data-element_type=\"section\" data-settings=\"{&quot;background_background&quot;:&quot;classic&quot;,&quot;shape_divider_bottom&quot;:&quot;triangle&quot;}\">\n\t\t\t\t\t\t\t<div class=\"elementor-background-overlay\"><\/div>\n\t\t\t\t\t\t<div class=\"elementor-shape elementor-shape-bottom\" aria-hidden=\"true\" data-negative=\"false\">\n\t\t\t<svg xmlns=\"http:\/\/www.w3.org\/2000\/svg\" viewBox=\"0 0 1000 100\" preserveAspectRatio=\"none\">\n\t<path class=\"elementor-shape-fill\" d=\"M500,98.9L0,6.1V0h1000v6.1L500,98.9z\"\/>\n<\/svg>\t\t<\/div>\n\t\t\t\t\t<div class=\"elementor-container elementor-column-gap-no\">\n\t\t\t\t\t<div class=\"elementor-column elementor-col-100 elementor-top-column elementor-element elementor-element-1401613\" data-id=\"1401613\" data-element_type=\"column\">\n\t\t\t<div class=\"elementor-widget-wrap elementor-element-populated\">\n\t\t\t\t\t\t<div class=\"elementor-element elementor-element-271ddc5 elementor-widget elementor-widget-spacer\" data-id=\"271ddc5\" data-element_type=\"widget\" data-widget_type=\"spacer.default\">\n\t\t\t\t<div class=\"elementor-widget-container\">\n\t\t\t\t\t\t\t<div class=\"elementor-spacer\">\n\t\t\t<div class=\"elementor-spacer-inner\"><\/div>\n\t\t<\/div>\n\t\t\t\t\t\t<\/div>\n\t\t\t\t<\/div>\n\t\t\t\t<div class=\"elementor-element elementor-element-5a47717 elementor-widget elementor-widget-heading\" data-id=\"5a47717\" data-element_type=\"widget\" data-widget_type=\"heading.default\">\n\t\t\t\t<div class=\"elementor-widget-container\">\n\t\t\t\t\t<h1 class=\"elementor-heading-title elementor-size-default\">D\u00e9m\u00e9nagement - Garde-meubles<\/h1>\t\t\t\t<\/div>\n\t\t\t\t<\/div>\n\t\t\t\t<div class=\"elementor-element elementor-element-8a257c4 elementor-widget elementor-widget-text-editor\" data-id=\"8a257c4\" data-element_type=\"widget\" data-widget_type=\"text-editor.default\">\n\t\t\t\t<div class=\"elementor-widget-container\">\n\t\t\t\t\t\t\t\t\t<p>D\u00e9couvrez les avantages d&rsquo;un garde-meubles pour votre d\u00e9m\u00e9nagement<\/p>\t\t\t\t\t\t\t\t<\/div>\n\t\t\t\t<\/div>\n\t\t\t\t<div class=\"elementor-element elementor-element-7685351 elementor-align-center btnreservationenligne elementor-widget elementor-widget-button\" data-id=\"7685351\" data-element_type=\"widget\" data-widget_type=\"button.default\">\n\t\t\t\t<div class=\"elementor-widget-container\">\n\t\t\t\t\t\t\t\t\t<div class=\"elementor-button-wrapper\">\n\t\t\t\t\t<a class=\"elementor-button elementor-button-link elementor-size-sm\" href=\"\/\">\n\t\t\t\t\t\t<span class=\"elementor-button-content-wrapper\">\n\t\t\t\t\t\t<span class=\"elementor-button-icon\">\n\t\t\t\t<i aria-hidden=\"true\" class=\"fas fa-mouse-pointer\"><\/i>\t\t\t<\/span>\n\t\t\t\t\t\t\t\t\t<span class=\"elementor-button-text\">Tarif \/ r\u00e9servation \/ Devis<\/span>\n\t\t\t\t\t<\/span>\n\t\t\t\t\t<\/a>\n\t\t\t\t<\/div>\n\t\t\t\t\t\t\t\t<\/div>\n\t\t\t\t<\/div>\n\t\t\t\t\t<\/div>\n\t\t<\/div>\n\t\t\t\t\t<\/div>\n\t\t<\/section>\n\t\t\t\t<section class=\"elementor-section elementor-top-section elementor-element elementor-element-239dcbc2 elementor-section-content-middle elementor-reverse-tablet elementor-section-boxed elementor-section-height-default elementor-section-height-default\" data-id=\"239dcbc2\" data-element_type=\"section\" data-settings=\"{&quot;background_background&quot;:&quot;classic&quot;}\">\n\t\t\t\t\t\t<div class=\"elementor-container elementor-column-gap-default\">\n\t\t\t\t\t<div class=\"elementor-column elementor-col-50 elementor-top-column elementor-element elementor-element-16ba5047\" data-id=\"16ba5047\" data-element_type=\"column\" data-settings=\"{&quot;background_background&quot;:&quot;classic&quot;}\">\n\t\t\t<div class=\"elementor-widget-wrap elementor-element-populated\">\n\t\t\t\t\t<div class=\"elementor-background-overlay\"><\/div>\n\t\t\t\t\t\t<section class=\"elementor-section elementor-inner-section elementor-element elementor-element-9efadb6 elementor-section-boxed elementor-section-height-default elementor-section-height-default\" data-id=\"9efadb6\" data-element_type=\"section\">\n\t\t\t\t\t\t<div class=\"elementor-container elementor-column-gap-default\">\n\t\t\t\t\t<div class=\"elementor-column elementor-col-50 elementor-inner-column elementor-element elementor-element-74d9dcf0\" data-id=\"74d9dcf0\" data-element_type=\"column\">\n\t\t\t<div class=\"elementor-widget-wrap elementor-element-populated\">\n\t\t\t\t\t\t<div class=\"elementor-element elementor-element-6884a4f4 elementor-widget elementor-widget-image\" data-id=\"6884a4f4\" data-element_type=\"widget\" data-widget_type=\"image.default\">\n\t\t\t\t<div class=\"elementor-widget-container\">\n\t\t\t\t\t\t\t\t\t\t\t\t\t\t\t<img fetchpriority=\"high\" decoding=\"async\" width=\"768\" height=\"1048\" src=\"https:\/\/flexbox.ch\/page\/wp-content\/uploads\/2021\/12\/box-demenagement-geneve-1-768x1048.jpg\" class=\"elementor-animation-bob attachment-medium_large size-medium_large wp-image-303\" alt=\"Box de d\u00e9m\u00e9nagement \u00e0 Gen\u00e8ve\" srcset=\"https:\/\/flexbox.ch\/page\/wp-content\/uploads\/2021\/12\/box-demenagement-geneve-1-768x1048.jpg 768w, https:\/\/flexbox.ch\/page\/wp-content\/uploads\/2021\/12\/box-demenagement-geneve-1-220x300.jpg 220w, https:\/\/flexbox.ch\/page\/wp-content\/uploads\/2021\/12\/box-demenagement-geneve-1-751x1024.jpg 751w, https:\/\/flexbox.ch\/page\/wp-content\/uploads\/2021\/12\/box-demenagement-geneve-1-1126x1536.jpg 1126w, https:\/\/flexbox.ch\/page\/wp-content\/uploads\/2021\/12\/box-demenagement-geneve-1.jpg 1466w\" sizes=\"(max-width: 768px) 100vw, 768px\" \/>\t\t\t\t\t\t\t\t\t\t\t\t\t\t\t<\/div>\n\t\t\t\t<\/div>\n\t\t\t\t\t<\/div>\n\t\t<\/div>\n\t\t\t\t<div class=\"elementor-column elementor-col-50 elementor-inner-column elementor-element elementor-element-42e69a21\" data-id=\"42e69a21\" data-element_type=\"column\">\n\t\t\t<div class=\"elementor-widget-wrap elementor-element-populated\">\n\t\t\t\t\t\t<div class=\"elementor-element elementor-element-38f4381b elementor-widget elementor-widget-image\" data-id=\"38f4381b\" data-element_type=\"widget\" data-widget_type=\"image.default\">\n\t\t\t\t<div class=\"elementor-widget-container\">\n\t\t\t\t\t\t\t\t\t\t\t\t\t\t\t<img decoding=\"async\" width=\"768\" height=\"512\" src=\"https:\/\/flexbox.ch\/page\/wp-content\/uploads\/2021\/12\/garde-meuble-demenagement-geneve-scaled-768x512.jpg\" class=\"elementor-animation-bob attachment-medium_large size-medium_large wp-image-298\" alt=\"Garde-meuble d\u00e9m\u00e9nagement \u00e0 gen\u00e8ve\" srcset=\"https:\/\/flexbox.ch\/page\/wp-content\/uploads\/2021\/12\/garde-meuble-demenagement-geneve-scaled-768x512.jpg 768w, https:\/\/flexbox.ch\/page\/wp-content\/uploads\/2021\/12\/garde-meuble-demenagement-geneve-scaled-300x200.jpg 300w, https:\/\/flexbox.ch\/page\/wp-content\/uploads\/2021\/12\/garde-meuble-demenagement-geneve-scaled-1024x683.jpg 1024w, https:\/\/flexbox.ch\/page\/wp-content\/uploads\/2021\/12\/garde-meuble-demenagement-geneve-scaled-1536x1024.jpg 1536w, https:\/\/flexbox.ch\/page\/wp-content\/uploads\/2021\/12\/garde-meuble-demenagement-geneve-scaled.jpg 1920w\" sizes=\"(max-width: 768px) 100vw, 768px\" \/>\t\t\t\t\t\t\t\t\t\t\t\t\t\t\t<\/div>\n\t\t\t\t<\/div>\n\t\t\t\t<div class=\"elementor-element elementor-element-bf69d4f elementor-widget-divider--view-line elementor-widget elementor-widget-divider\" data-id=\"bf69d4f\" data-element_type=\"widget\" data-widget_type=\"divider.default\">\n\t\t\t\t<div class=\"elementor-widget-container\">\n\t\t\t\t\t\t\t<div class=\"elementor-divider\">\n\t\t\t<span class=\"elementor-divider-separator\">\n\t\t\t\t\t\t<\/span>\n\t\t<\/div>\n\t\t\t\t\t\t<\/div>\n\t\t\t\t<\/div>\n\t\t\t\t<div class=\"elementor-element elementor-element-4abd46e5 elementor-widget elementor-widget-image\" data-id=\"4abd46e5\" data-element_type=\"widget\" data-widget_type=\"image.default\">\n\t\t\t\t<div class=\"elementor-widget-container\">\n\t\t\t\t\t\t\t\t\t\t\t\t\t\t\t<img decoding=\"async\" width=\"768\" height=\"512\" src=\"https:\/\/flexbox.ch\/page\/wp-content\/uploads\/2021\/12\/self-storage-geneve-1-768x512.jpg\" class=\"elementor-animation-bob attachment-medium_large size-medium_large wp-image-301\" alt=\"Self Storage \u00e0 Gen\u00e8ve\" srcset=\"https:\/\/flexbox.ch\/page\/wp-content\/uploads\/2021\/12\/self-storage-geneve-1-768x512.jpg 768w, https:\/\/flexbox.ch\/page\/wp-content\/uploads\/2021\/12\/self-storage-geneve-1-300x200.jpg 300w, https:\/\/flexbox.ch\/page\/wp-content\/uploads\/2021\/12\/self-storage-geneve-1-1024x683.jpg 1024w, https:\/\/flexbox.ch\/page\/wp-content\/uploads\/2021\/12\/self-storage-geneve-1-1536x1024.jpg 1536w, https:\/\/flexbox.ch\/page\/wp-content\/uploads\/2021\/12\/self-storage-geneve-1.jpg 1920w\" sizes=\"(max-width: 768px) 100vw, 768px\" \/>\t\t\t\t\t\t\t\t\t\t\t\t\t\t\t<\/div>\n\t\t\t\t<\/div>\n\t\t\t\t\t<\/div>\n\t\t<\/div>\n\t\t\t\t\t<\/div>\n\t\t<\/section>\n\t\t\t\t\t<\/div>\n\t\t<\/div>\n\t\t\t\t<div class=\"elementor-column elementor-col-50 elementor-top-column elementor-element elementor-element-5c73ec45\" data-id=\"5c73ec45\" data-element_type=\"column\">\n\t\t\t<div class=\"elementor-widget-wrap elementor-element-populated\">\n\t\t\t\t\t\t<div class=\"elementor-element elementor-element-70716b12 elementor-widget elementor-widget-heading\" data-id=\"70716b12\" data-element_type=\"widget\" data-widget_type=\"heading.default\">\n\t\t\t\t<div class=\"elementor-widget-container\">\n\t\t\t\t\t<h2 class=\"elementor-heading-title elementor-size-default\">Pourquoi opter pour un garde-meubles lors d'un d\u00e9m\u00e9nagement ?<\/h2>\t\t\t\t<\/div>\n\t\t\t\t<\/div>\n\t\t\t\t<div class=\"elementor-element elementor-element-ea08a5a elementor-widget-divider--view-line elementor-widget elementor-widget-divider\" data-id=\"ea08a5a\" data-element_type=\"widget\" data-widget_type=\"divider.default\">\n\t\t\t\t<div class=\"elementor-widget-container\">\n\t\t\t\t\t\t\t<div class=\"elementor-divider\">\n\t\t\t<span class=\"elementor-divider-separator\">\n\t\t\t\t\t\t<\/span>\n\t\t<\/div>\n\t\t\t\t\t\t<\/div>\n\t\t\t\t<\/div>\n\t\t\t\t<div class=\"elementor-element elementor-element-743dcee0 elementor-widget elementor-widget-text-editor\" data-id=\"743dcee0\" data-element_type=\"widget\" data-widget_type=\"text-editor.default\">\n\t\t\t\t<div class=\"elementor-widget-container\">\n\t\t\t\t\t\t\t\t\t<p>Un d\u00e9m\u00e9nagement peut \u00eatre stressant et compliqu\u00e9, notamment lorsque des espaces de stockage suppl\u00e9mentaires sont n\u00e9cessaires.<\/p><p>Dans ce contexte, l&rsquo;utilisation d&rsquo;un garde-meubles peut \u00eatre une solution pratique pour les personnes ayant besoin d&rsquo;un espace de stockage temporaire et s\u00e9curis\u00e9, avant,\u00a0 pendant ou apr\u00e8s leur d\u00e9m\u00e9nagement.<\/p>\t\t\t\t\t\t\t\t<\/div>\n\t\t\t\t<\/div>\n\t\t\t\t\t<\/div>\n\t\t<\/div>\n\t\t\t\t\t<\/div>\n\t\t<\/section>\n\t\t\t\t<section class=\"elementor-section elementor-top-section elementor-element elementor-element-3b726f4a elementor-section-content-middle elementor-section-boxed elementor-section-height-default elementor-section-height-default\" data-id=\"3b726f4a\" data-element_type=\"section\" data-settings=\"{&quot;background_background&quot;:&quot;classic&quot;,&quot;shape_divider_top&quot;:&quot;triangle&quot;,&quot;shape_divider_bottom&quot;:&quot;triangle&quot;}\">\n\t\t\t\t\t\t\t<div class=\"elementor-background-overlay\"><\/div>\n\t\t\t\t\t\t<div class=\"elementor-shape elementor-shape-top\" aria-hidden=\"true\" data-negative=\"false\">\n\t\t\t<svg xmlns=\"http:\/\/www.w3.org\/2000\/svg\" viewBox=\"0 0 1000 100\" preserveAspectRatio=\"none\">\n\t<path class=\"elementor-shape-fill\" d=\"M500,98.9L0,6.1V0h1000v6.1L500,98.9z\"\/>\n<\/svg>\t\t<\/div>\n\t\t\t\t<div class=\"elementor-shape elementor-shape-bottom\" aria-hidden=\"true\" data-negative=\"false\">\n\t\t\t<svg xmlns=\"http:\/\/www.w3.org\/2000\/svg\" viewBox=\"0 0 1000 100\" preserveAspectRatio=\"none\">\n\t<path class=\"elementor-shape-fill\" d=\"M500,98.9L0,6.1V0h1000v6.1L500,98.9z\"\/>\n<\/svg>\t\t<\/div>\n\t\t\t\t\t<div class=\"elementor-container elementor-column-gap-no\">\n\t\t\t\t\t<div class=\"elementor-column elementor-col-100 elementor-top-column elementor-element elementor-element-406febbc\" data-id=\"406febbc\" data-element_type=\"column\">\n\t\t\t<div class=\"elementor-widget-wrap elementor-element-populated\">\n\t\t\t\t\t\t<div class=\"elementor-element elementor-element-1361ee7d elementor-widget elementor-widget-heading\" data-id=\"1361ee7d\" data-element_type=\"widget\" data-widget_type=\"heading.default\">\n\t\t\t\t<div class=\"elementor-widget-container\">\n\t\t\t\t\t<h3 class=\"elementor-heading-title elementor-size-default\">Besoin d'un garde meuble pour votre d\u00e9m\u00e9nagement ?<\/h3>\t\t\t\t<\/div>\n\t\t\t\t<\/div>\n\t\t\t\t<div class=\"elementor-element elementor-element-670784b elementor-align-center btnreservationenligne elementor-widget elementor-widget-button\" data-id=\"670784b\" data-element_type=\"widget\" data-widget_type=\"button.default\">\n\t\t\t\t<div class=\"elementor-widget-container\">\n\t\t\t\t\t\t\t\t\t<div class=\"elementor-button-wrapper\">\n\t\t\t\t\t<a class=\"elementor-button elementor-button-link elementor-size-sm\" href=\"\/\">\n\t\t\t\t\t\t<span class=\"elementor-button-content-wrapper\">\n\t\t\t\t\t\t\t\t\t<span class=\"elementor-button-text\">Tarif \/ r\u00e9servation \/ Devis<\/span>\n\t\t\t\t\t<\/span>\n\t\t\t\t\t<\/a>\n\t\t\t\t<\/div>\n\t\t\t\t\t\t\t\t<\/div>\n\t\t\t\t<\/div>\n\t\t\t\t\t<\/div>\n\t\t<\/div>\n\t\t\t\t\t<\/div>\n\t\t<\/section>\n\t\t\t\t<section class=\"elementor-section elementor-top-section elementor-element elementor-element-83ee3df elementor-section-content-top elementor-reverse-tablet elementor-section-boxed elementor-section-height-default elementor-section-height-default\" data-id=\"83ee3df\" data-element_type=\"section\" data-settings=\"{&quot;background_background&quot;:&quot;classic&quot;}\">\n\t\t\t\t\t\t<div class=\"elementor-container elementor-column-gap-default\">\n\t\t\t\t\t<div class=\"elementor-column elementor-col-50 elementor-top-column elementor-element elementor-element-1908906\" data-id=\"1908906\" data-element_type=\"column\">\n\t\t\t<div class=\"elementor-widget-wrap elementor-element-populated\">\n\t\t\t\t\t\t<div class=\"elementor-element elementor-element-1aa0956 elementor-widget elementor-widget-heading\" data-id=\"1aa0956\" data-element_type=\"widget\" data-widget_type=\"heading.default\">\n\t\t\t\t<div class=\"elementor-widget-container\">\n\t\t\t\t\t<h2 class=\"elementor-heading-title elementor-size-default\">Les avantages d'un garde-meubles lors d'un d\u00e9m\u00e9nagement<\/h2>\t\t\t\t<\/div>\n\t\t\t\t<\/div>\n\t\t\t\t<div class=\"elementor-element elementor-element-c7f2ffe elementor-widget-divider--view-line elementor-widget elementor-widget-divider\" data-id=\"c7f2ffe\" data-element_type=\"widget\" data-widget_type=\"divider.default\">\n\t\t\t\t<div class=\"elementor-widget-container\">\n\t\t\t\t\t\t\t<div class=\"elementor-divider\">\n\t\t\t<span class=\"elementor-divider-separator\">\n\t\t\t\t\t\t<\/span>\n\t\t<\/div>\n\t\t\t\t\t\t<\/div>\n\t\t\t\t<\/div>\n\t\t\t\t<div class=\"elementor-element elementor-element-72329c7 elementor-widget elementor-widget-text-editor\" data-id=\"72329c7\" data-element_type=\"widget\" data-widget_type=\"text-editor.default\">\n\t\t\t\t<div class=\"elementor-widget-container\">\n\t\t\t\t\t\t\t\t\t<h3>Une solution de stockage temporaire flexible<\/h3><p>Les garde-meubles sont des solutions de stockage temporaires qui peuvent \u00eatre lou\u00e9es sur des dur\u00e9es flexibles pour convenir aux besoins de chaque utilisateur.<\/p><p>Cela signifie que vous pouvez utiliser l&rsquo;espace de stockage pour la dur\u00e9e que vous souhaitez, que vous ayez besoin d&rsquo;une semaine ou de plusieurs mois.<\/p><h3>Un stockage s\u00e9curis\u00e9 pour vos biens<\/h3><p>Les garde-meubles sont \u00e9quip\u00e9s de syst\u00e8mes de s\u00e9curit\u00e9 complets pour garantir la s\u00e9curit\u00e9 de vos biens.<\/p><p>En effet, les espaces de stockage sont souvent sous surveillance 24h\/24 et 7j\/7, avec des cam\u00e9ras de surveillance, des alarmes d&rsquo;intrusion et des syst\u00e8mes de contr\u00f4le d&rsquo;acc\u00e8s.<\/p><p>A cela s&rsquo;ajoute la pr\u00e9sence de d\u00e9tection incendie dans toutes les zones de stockage.<\/p><p>Vous pouvez donc \u00eatre s\u00fbr que vos biens seront en s\u00e9curit\u00e9 pendant votre d\u00e9m\u00e9nagement.<\/p><h3>Lib\u00e9rez de l&rsquo;espace pour un d\u00e9m\u00e9nagement facile<\/h3><p>Lors d\u2019un d\u00e9m\u00e9nagement, vous pouvez stocker temporairement tous vos meubles et \u00e9quipements lourds, encombrants ou fragiles dans un garde-meubles.<\/p><p>Cela vous permet de lib\u00e9rer de l&rsquo;espace \u00e0 votre domicile pour les t\u00e2ches de rangement et faciliter le d\u00e9m\u00e9nagement de fa\u00e7on g\u00e9n\u00e9rale.<\/p><h3>\u00c9conomisez de l&rsquo;argent<\/h3><p>Le garde-meubles est une solution \u00e9conomique de stockage temporaire. En effet, un garde-meubles temporaire avec un d\u00e9m\u00e9nagement ult\u00e9rieur est parfois moins cher qu&rsquo;un d\u00e9m\u00e9nagement direct dans un nouvel espace.<\/p>\t\t\t\t\t\t\t\t<\/div>\n\t\t\t\t<\/div>\n\t\t\t\t\t<\/div>\n\t\t<\/div>\n\t\t\t\t<div class=\"elementor-column elementor-col-50 elementor-top-column elementor-element elementor-element-9dea23c\" data-id=\"9dea23c\" data-element_type=\"column\" data-settings=\"{&quot;background_background&quot;:&quot;classic&quot;}\">\n\t\t\t<div class=\"elementor-widget-wrap elementor-element-populated\">\n\t\t\t\t\t<div class=\"elementor-background-overlay\"><\/div>\n\t\t\t\t\t\t<section class=\"elementor-section elementor-inner-section elementor-element elementor-element-72375f9 elementor-section-boxed elementor-section-height-default elementor-section-height-default\" data-id=\"72375f9\" data-element_type=\"section\" data-settings=\"{&quot;background_background&quot;:&quot;classic&quot;}\">\n\t\t\t\t\t\t<div class=\"elementor-container elementor-column-gap-default\">\n\t\t\t\t\t<div class=\"elementor-column elementor-col-50 elementor-inner-column elementor-element elementor-element-03c41a6\" data-id=\"03c41a6\" data-element_type=\"column\">\n\t\t\t<div class=\"elementor-widget-wrap elementor-element-populated\">\n\t\t\t\t\t\t<div class=\"elementor-element elementor-element-e54d632 elementor-view-default elementor-widget elementor-widget-icon\" data-id=\"e54d632\" data-element_type=\"widget\" data-widget_type=\"icon.default\">\n\t\t\t\t<div class=\"elementor-widget-container\">\n\t\t\t\t\t\t\t<div class=\"elementor-icon-wrapper\">\n\t\t\t<div class=\"elementor-icon\">\n\t\t\t<i aria-hidden=\"true\" class=\"far fa-hand-point-right\"><\/i>\t\t\t<\/div>\n\t\t<\/div>\n\t\t\t\t\t\t<\/div>\n\t\t\t\t<\/div>\n\t\t\t\t\t<\/div>\n\t\t<\/div>\n\t\t\t\t<div class=\"elementor-column elementor-col-50 elementor-inner-column elementor-element elementor-element-45eef94\" data-id=\"45eef94\" data-element_type=\"column\">\n\t\t\t<div class=\"elementor-widget-wrap elementor-element-populated\">\n\t\t\t\t\t\t<div class=\"elementor-element elementor-element-68b1f39 elementor-widget elementor-widget-heading\" data-id=\"68b1f39\" data-element_type=\"widget\" data-widget_type=\"heading.default\">\n\t\t\t\t<div class=\"elementor-widget-container\">\n\t\t\t\t\t<h3 class=\"elementor-heading-title elementor-size-default\">Conclusion<\/h3>\t\t\t\t<\/div>\n\t\t\t\t<\/div>\n\t\t\t\t<div class=\"elementor-element elementor-element-2febf00 elementor-widget elementor-widget-text-editor\" data-id=\"2febf00\" data-element_type=\"widget\" data-widget_type=\"text-editor.default\">\n\t\t\t\t<div class=\"elementor-widget-container\">\n\t\t\t\t\t\t\t\t\t<p>En somme, utiliser un garde-meubles est une solution pratique, flexible et \u00e9conomique pour les personnes en p\u00e9riode de d\u00e9m\u00e9nagement, ou pour toute personne ayant besoin d&rsquo;un espace de stockage temporaire.<br \/><br \/><strong>Les garde-meubles offrent une grande s\u00e9curit\u00e9 et flexibilit\u00e9 pour les biens de chaque utilisateur.<\/strong><br \/><br \/>Avec leur syst\u00e8me de s\u00e9curit\u00e9 fiable et leur flexibilit\u00e9 de stockage, un garde-meubles peut offrir une excellente alternative pour tous ceux qui ont besoin d&rsquo;un espace de stockage temporaire.<\/p>\t\t\t\t\t\t\t\t<\/div>\n\t\t\t\t<\/div>\n\t\t\t\t\t<\/div>\n\t\t<\/div>\n\t\t\t\t\t<\/div>\n\t\t<\/section>\n\t\t\t\t<section class=\"elementor-section elementor-inner-section elementor-element elementor-element-0567703 elementor-section-boxed elementor-section-height-default elementor-section-height-default\" data-id=\"0567703\" data-element_type=\"section\">\n\t\t\t\t\t\t<div class=\"elementor-container elementor-column-gap-default\">\n\t\t\t\t\t<div class=\"elementor-column elementor-col-50 elementor-inner-column elementor-element elementor-element-44ff047\" data-id=\"44ff047\" data-element_type=\"column\">\n\t\t\t<div class=\"elementor-widget-wrap elementor-element-populated\">\n\t\t\t\t\t\t<div class=\"elementor-element elementor-element-94f8d50 elementor-widget elementor-widget-image\" data-id=\"94f8d50\" data-element_type=\"widget\" data-widget_type=\"image.default\">\n\t\t\t\t<div class=\"elementor-widget-container\">\n\t\t\t\t\t\t\t\t\t\t\t\t\t\t\t<img loading=\"lazy\" decoding=\"async\" width=\"740\" height=\"1206\" src=\"https:\/\/flexbox.ch\/page\/wp-content\/uploads\/2023\/02\/garde-meubles-geneve.jpg\" class=\"elementor-animation-bob attachment-medium_large size-medium_large wp-image-3912\" alt=\"garde-meubles \u00e0 Gen\u00e8ve\" srcset=\"https:\/\/flexbox.ch\/page\/wp-content\/uploads\/2023\/02\/garde-meubles-geneve.jpg 740w, https:\/\/flexbox.ch\/page\/wp-content\/uploads\/2023\/02\/garde-meubles-geneve-184x300.jpg 184w, https:\/\/flexbox.ch\/page\/wp-content\/uploads\/2023\/02\/garde-meubles-geneve-628x1024.jpg 628w\" sizes=\"(max-width: 740px) 100vw, 740px\" \/>\t\t\t\t\t\t\t\t\t\t\t\t\t\t\t<\/div>\n\t\t\t\t<\/div>\n\t\t\t\t<div class=\"elementor-element elementor-element-5cc758d elementor-widget-divider--view-line elementor-widget elementor-widget-divider\" data-id=\"5cc758d\" data-element_type=\"widget\" data-widget_type=\"divider.default\">\n\t\t\t\t<div class=\"elementor-widget-container\">\n\t\t\t\t\t\t\t<div class=\"elementor-divider\">\n\t\t\t<span class=\"elementor-divider-separator\">\n\t\t\t\t\t\t<\/span>\n\t\t<\/div>\n\t\t\t\t\t\t<\/div>\n\t\t\t\t<\/div>\n\t\t\t\t<div class=\"elementor-element elementor-element-a458381 elementor-widget elementor-widget-image\" data-id=\"a458381\" data-element_type=\"widget\" data-widget_type=\"image.default\">\n\t\t\t\t<div class=\"elementor-widget-container\">\n\t\t\t\t\t\t\t\t\t\t\t\t\t\t\t<img loading=\"lazy\" decoding=\"async\" width=\"740\" height=\"494\" src=\"https:\/\/flexbox.ch\/page\/wp-content\/uploads\/2023\/02\/stockage-archives-societe.jpg\" class=\"elementor-animation-bob attachment-medium_large size-medium_large wp-image-3905\" alt=\"\" srcset=\"https:\/\/flexbox.ch\/page\/wp-content\/uploads\/2023\/02\/stockage-archives-societe.jpg 740w, https:\/\/flexbox.ch\/page\/wp-content\/uploads\/2023\/02\/stockage-archives-societe-300x200.jpg 300w\" sizes=\"(max-width: 740px) 100vw, 740px\" \/>\t\t\t\t\t\t\t\t\t\t\t\t\t\t\t<\/div>\n\t\t\t\t<\/div>\n\t\t\t\t\t<\/div>\n\t\t<\/div>\n\t\t\t\t\t<\/div>\n\t\t<\/section>\n\t\t\t\t\t<\/div>\n\t\t<\/div>\n\t\t\t\t\t<\/div>\n\t\t<\/section>\n\t\t\t\t<\/div>\n\t\t","protected":false},"excerpt":{"rendered":"<p>D\u00e9m\u00e9nagement &#8211; Garde-meubles D\u00e9couvrez les avantages d&rsquo;un garde-meubles pour votre d\u00e9m\u00e9nagement Tarif \/ r\u00e9servation \/ Devis Pourquoi opter pour un garde-meubles lors d&rsquo;un d\u00e9m\u00e9nagement ? Un d\u00e9m\u00e9nagement peut \u00eatre stressant et compliqu\u00e9, notamment lorsque des espaces de stockage suppl\u00e9mentaires sont n\u00e9cessaires. Dans ce contexte, l&rsquo;utilisation d&rsquo;un garde-meubles peut \u00eatre une solution pratique pour les personnes [&hellip;]<\/p>\n","protected":false},"author":6,"featured_media":0,"parent":0,"menu_order":0,"comment_status":"closed","ping_status":"closed","template":"elementor_header_footer","meta":{"footnotes":""},"class_list":["post-4499","page","type-page","status-publish","hentry"],"aioseo_notices":[],"_links":{"self":[{"href":"https:\/\/flexbox.ch\/page\/wp-json\/wp\/v2\/pages\/4499","targetHints":{"allow":["GET"]}}],"collection":[{"href":"https:\/\/flexbox.ch\/page\/wp-json\/wp\/v2\/pages"}],"about":[{"href":"https:\/\/flexbox.ch\/page\/wp-json\/wp\/v2\/types\/page"}],"author":[{"embeddable":true,"href":"https:\/\/flexbox.ch\/page\/wp-json\/wp\/v2\/users\/6"}],"replies":[{"embeddable":true,"href":"https:\/\/flexbox.ch\/page\/wp-json\/wp\/v2\/comments?post=4499"}],"version-history":[{"count":26,"href":"https:\/\/flexbox.ch\/page\/wp-json\/wp\/v2\/pages\/4499\/revisions"}],"predecessor-version":[{"id":5078,"href":"https:\/\/flexbox.ch\/page\/wp-json\/wp\/v2\/pages\/4499\/revisions\/5078"}],"wp:attachment":[{"href":"https:\/\/flexbox.ch\/page\/wp-json\/wp\/v2\/media?parent=4499"}],"curies":[{"name":"wp","href":"https:\/\/api.w.org\/{rel}","templated":true}]}}